{"id":128,"date":"2023-09-30T23:45:18","date_gmt":"2023-09-30T21:45:18","guid":{"rendered":"https:\/\/ricacomidavegana.com\/?page_id=128"},"modified":"2023-10-04T12:19:18","modified_gmt":"2023-10-04T10:19:18","slug":"licuadora","status":"publish","type":"page","link":"https:\/\/ricacomidavegana.com\/index.php\/licuadora\/","title":{"rendered":"Licuadora"},"content":{"rendered":"\n<h1 class=\"wp-block-heading\"><\/h1>\n\n\n\n<div class=\"wp-block-cover aligncenter is-light\"><span aria-hidden=\"true\" class=\"wp-block-cover__background has-background-dim\"><\/span><img decoding=\"async\" loading=\"lazy\" width=\"1024\" height=\"683\" class=\"wp-block-cover__image-background wp-image-191\" alt=\"\" src=\"https:\/\/ricacomidavegana.com\/wp-content\/uploads\/2023\/10\/licuadora-rica-comida-vegana-1024x683.jpg\" data-object-fit=\"cover\" srcset=\"https:\/\/ricacomidavegana.com\/wp-content\/uploads\/2023\/10\/licuadora-rica-comida-vegana-1024x683.jpg 1024w, https:\/\/ricacomidavegana.com\/wp-content\/uploads\/2023\/10\/licuadora-rica-comida-vegana-300x200.jpg 300w, https:\/\/ricacomidavegana.com\/wp-content\/uploads\/2023\/10\/licuadora-rica-comida-vegana-768x512.jpg 768w, https:\/\/ricacomidavegana.com\/wp-content\/uploads\/2023\/10\/licuadora-rica-comida-vegana-1536x1024.jpg 1536w, https:\/\/ricacomidavegana.com\/wp-content\/uploads\/2023\/10\/licuadora-rica-comida-vegana-2048x1365.jpg 2048w\" sizes=\"(max-width: 1024px) 100vw, 1024px\" \/><div class=\"wp-block-cover__inner-container is-layout-flow wp-block-cover-is-layout-flow\">\n<p class=\"has-text-align-center has-white-color has-text-color\" style=\"font-size:50px\">Licuadoras de Alta Potencia: <\/p>\n\n\n\n<p class=\"has-text-align-center has-white-color has-text-color has-large-font-size\">Tus Receta para una Vida M\u00e1s Saludable.<\/p>\n<\/div><\/div>\n\n\n\n<div style=\"height:147px\" aria-hidden=\"true\" class=\"wp-block-spacer\"><\/div>\n\n\n\n<h1 class=\"wp-block-heading has-text-align-center\">\u00bfBuscas un cambio hacia un estilo de vida m\u00e1s saludable?<\/h1>\n\n\n\n<p>Nuestras licuadoras de alta potencia son la clave para lograrlo. Con la capacidad de extraer todo el valor nutricional de tus frutas y verduras favoritas, estas licuadoras te permitir\u00e1n preparar batidos y jugos llenos de vitaminas y antioxidantes. \u00a1Transforma tu dieta y siembra las semillas de una vida m\u00e1s saludable hoy mismo con nuestras licuadoras de \u00faltima generaci\u00f3n!<\/p>\n\n\n\n<div style=\"height:100px\" aria-hidden=\"true\" class=\"wp-block-spacer\"><\/div>\n\n\n\n<div class=\"wp-block-columns is-layout-flex wp-container-5 wp-block-columns-is-layout-flex\">\n<div class=\"wp-block-column is-vertically-aligned-center is-layout-flow wp-block-column-is-layout-flow\">\n<iframe sandbox=\"allow-popups allow-scripts allow-modals allow-forms allow-same-origin\" style=\"width:120px;height:240px;\" marginwidth=\"0\" marginheight=\"0\" scrolling=\"no\" frameborder=\"0\" src=\"\/\/rcm-eu.amazon-adsystem.com\/e\/cm?lt1=_blank&#038;bc1=000000&#038;IS2=1&#038;bg1=FFFFFF&#038;fc1=000000&#038;lc1=0000FF&#038;t=ricacomidaveg-21&#038;language=es_ES&#038;o=30&#038;p=8&#038;l=as4&#038;m=amazon&#038;f=ifr&#038;ref=as_ss_li_til&#038;asins=B0BTRK5D36&#038;linkId=96a7de9b656b7ea6a5fc0e8955398ec8\"><\/iframe><iframe sandbox=\"allow-popups allow-scripts allow-modals allow-forms allow-same-origin\" style=\"width:120px;height:240px;\" marginwidth=\"0\" marginheight=\"0\" scrolling=\"no\" frameborder=\"0\" src=\"\/\/rcm-eu.amazon-adsystem.com\/e\/cm?lt1=_blank&#038;bc1=000000&#038;IS2=1&#038;bg1=FFFFFF&#038;fc1=000000&#038;lc1=0000FF&#038;t=ricacomidaveg-21&#038;language=es_ES&#038;o=30&#038;p=8&#038;l=as4&#038;m=amazon&#038;f=ifr&#038;ref=as_ss_li_til&#038;asins=B09BQKLF8M&#038;linkId=b0b5e25f5fa2b7b5096a028dae76764b\"><\/iframe><iframe sandbox=\"allow-popups allow-scripts allow-modals allow-forms allow-same-origin\" style=\"width:120px;height:240px;\" marginwidth=\"0\" marginheight=\"0\" scrolling=\"no\" frameborder=\"0\" src=\"\/\/rcm-eu.amazon-adsystem.com\/e\/cm?lt1=_blank&#038;bc1=000000&#038;IS2=1&#038;bg1=FFFFFF&#038;fc1=000000&#038;lc1=0000FF&#038;t=ricacomidaveg-21&#038;language=es_ES&#038;o=30&#038;p=8&#038;l=as4&#038;m=amazon&#038;f=ifr&#038;ref=as_ss_li_til&#038;asins=B07MVK2MYL&#038;linkId=5798ed73d83d6fd5aa0050a4622dc752\"><\/iframe>\n<\/div>\n\n\n\n<div class=\"wp-block-column is-vertically-aligned-center is-layout-flow wp-block-column-is-layout-flow\">\n<iframe sandbox=\"allow-popups allow-scripts allow-modals allow-forms allow-same-origin\" style=\"width:120px;height:240px;\" marginwidth=\"0\" marginheight=\"0\" scrolling=\"no\" frameborder=\"0\" src=\"\/\/rcm-eu.amazon-adsystem.com\/e\/cm?lt1=_blank&#038;bc1=000000&#038;IS2=1&#038;bg1=FFFFFF&#038;fc1=000000&#038;lc1=0000FF&#038;t=ricacomidaveg-21&#038;language=es_ES&#038;o=30&#038;p=8&#038;l=as4&#038;m=amazon&#038;f=ifr&#038;ref=as_ss_li_til&#038;asins=B0BQRH2SL5&#038;linkId=b025608866e7df076b0e748c41d139f0\"><\/iframe><iframe sandbox=\"allow-popups allow-scripts allow-modals allow-forms allow-same-origin\" style=\"width:120px;height:240px;\" marginwidth=\"0\" marginheight=\"0\" scrolling=\"no\" frameborder=\"0\" src=\"\/\/rcm-eu.amazon-adsystem.com\/e\/cm?lt1=_blank&#038;bc1=000000&#038;IS2=1&#038;bg1=FFFFFF&#038;fc1=000000&#038;lc1=0000FF&#038;t=ricacomidaveg-21&#038;language=es_ES&#038;o=30&#038;p=8&#038;l=as4&#038;m=amazon&#038;f=ifr&#038;ref=as_ss_li_til&#038;asins=B08H2FRWQG&#038;linkId=0b7e5c35868dd126f176d4784948b7c9\"><\/iframe><iframe sandbox=\"allow-popups allow-scripts allow-modals allow-forms allow-same-origin\" style=\"width:120px;height:240px;\" marginwidth=\"0\" marginheight=\"0\" scrolling=\"no\" frameborder=\"0\" src=\"\/\/rcm-eu.amazon-adsystem.com\/e\/cm?lt1=_blank&#038;bc1=000000&#038;IS2=1&#038;bg1=FFFFFF&#038;fc1=000000&#038;lc1=0000FF&#038;t=ricacomidaveg-21&#038;language=es_ES&#038;o=30&#038;p=8&#038;l=as4&#038;m=amazon&#038;f=ifr&#038;ref=as_ss_li_til&#038;asins=B0BZVB8VDK&#038;linkId=9502f0d9b4b02d13bd6c0bf793742796\"><\/iframe>\n<\/div>\n\n\n\n<div class=\"wp-block-column is-layout-flow wp-block-column-is-layout-flow\">\n<iframe sandbox=\"allow-popups allow-scripts allow-modals allow-forms allow-same-origin\" style=\"width:120px;height:240px;\" marginwidth=\"0\" marginheight=\"0\" scrolling=\"no\" frameborder=\"0\" src=\"\/\/rcm-eu.amazon-adsystem.com\/e\/cm?lt1=_blank&#038;bc1=000000&#038;IS2=1&#038;bg1=FFFFFF&#038;fc1=000000&#038;lc1=0000FF&#038;t=ricacomidaveg-21&#038;language=es_ES&#038;o=30&#038;p=8&#038;l=as4&#038;m=amazon&#038;f=ifr&#038;ref=as_ss_li_til&#038;asins=B09KLQZZ28&#038;linkId=e0a8ed6daee06d1cb7318e9d4838acbf\"><\/iframe><iframe sandbox=\"allow-popups allow-scripts allow-modals allow-forms allow-same-origin\" style=\"width:120px;height:240px;\" marginwidth=\"0\" marginheight=\"0\" scrolling=\"no\" frameborder=\"0\" src=\"\/\/rcm-eu.amazon-adsystem.com\/e\/cm?lt1=_blank&#038;bc1=000000&#038;IS2=1&#038;bg1=FFFFFF&#038;fc1=000000&#038;lc1=0000FF&#038;t=ricacomidaveg-21&#038;language=es_ES&#038;o=30&#038;p=8&#038;l=as4&#038;m=amazon&#038;f=ifr&#038;ref=as_ss_li_til&#038;asins=B0B3JBKWMP&#038;linkId=357bdf8995e7c1bb10a4c45a8fe9ef99\"><\/iframe><iframe sandbox=\"allow-popups allow-scripts allow-modals allow-forms allow-same-origin\" style=\"width:120px;height:240px;\" marginwidth=\"0\" marginheight=\"0\" scrolling=\"no\" frameborder=\"0\" src=\"\/\/rcm-eu.amazon-adsystem.com\/e\/cm?lt1=_blank&#038;bc1=000000&#038;IS2=1&#038;bg1=FFFFFF&#038;fc1=000000&#038;lc1=0000FF&#038;t=ricacomidaveg-21&#038;language=es_ES&#038;o=30&#038;p=8&#038;l=as4&#038;m=amazon&#038;f=ifr&#038;ref=as_ss_li_til&#038;asins=B09GFSRHWR&#038;linkId=b2333967213a1a49d3ff1b1415084268\"><\/iframe>\n<\/div>\n<\/div>\n\n\n\n<div style=\"height:100px\" aria-hidden=\"true\" class=\"wp-block-spacer\"><\/div>\n\n\n\n<div class=\"wp-block-columns is-layout-flex wp-container-9 wp-block-columns-is-layout-flex\">\n<div class=\"wp-block-column is-layout-flow wp-block-column-is-layout-flow\">\n<h3 class=\"wp-block-heading\"><strong>Falta de tiempo para preparar comidas saludables<\/strong>.<\/h3>\n\n\n\n<p>Muchas personas tienen un estilo de vida ocupado y luchan por encontrar tiempo para preparar comidas saludables. Esto puede llevar a una alimentaci\u00f3n deficiente y a sentirse constantemente agotados.<\/p>\n<\/div>\n\n\n\n<div class=\"wp-block-column is-layout-flow wp-block-column-is-layout-flow\">\n<h3 class=\"wp-block-heading\"><strong>Licuadoras que no funcionan como se espera<\/strong>.<\/h3>\n\n\n\n<p>Algunos compradores han tenido experiencias frustrantes con licuadoras que no cumplen con sus expectativas. Pueden lidiar con licuadoras que dejan grumos, no mezclan adecuadamente o son dif\u00edciles de limpiar, lo que hace que preparar comidas saludables sea una tarea ardua.<\/p>\n<\/div>\n\n\n\n<div class=\"wp-block-column is-layout-flow wp-block-column-is-layout-flow\">\n<h3 class=\"wp-block-heading has-text-align-left\"><strong>Preocupaciones por la calidad y durabilidad<\/strong>.<\/h3>\n\n\n\n<p>Los compradores a menudo se preocupan por invertir en un producto de calidad que perdure a lo largo del tiempo. La durabilidad y la calidad de construcci\u00f3n son factores cr\u00edticos a considerar al elegir una licuadora, ya que nadie quiere enfrentar problemas t\u00e9cnicos o tener que reemplazarla con frecuencia.<\/p>\n<\/div>\n<\/div>\n\n\n\n<div style=\"height:100px\" aria-hidden=\"true\" class=\"wp-block-spacer\"><\/div>\n","protected":false},"excerpt":{"rendered":"<p>\u00bfBuscas un cambio hacia un estilo de vida m\u00e1s saludable? Nuestras licuadoras de alta potencia son la clave para lograrlo. Con la capacidad de extraer todo el valor nutricional de tus frutas y verduras favoritas, estas licuadoras te permitir\u00e1n preparar batidos y jugos llenos de vitaminas y antioxidantes. \u00a1Transforma tu dieta y siembra las semillas [&hellip;]<\/p>\n","protected":false},"author":1,"featured_media":0,"parent":0,"menu_order":0,"comment_status":"closed","ping_status":"closed","template":"","meta":{"om_disable_all_campaigns":false,"_mi_skip_tracking":false,"_monsterinsights_sitenote_active":false,"_monsterinsights_sitenote_note":"","_monsterinsights_sitenote_category":0,"footnotes":""},"yoast_head":"<!-- This site is optimized with the Yoast SEO plugin v21.3 - https:\/\/yoast.com\/wordpress\/plugins\/seo\/ -->\n<title>Licuadora - Recetas de cocina vegana<\/title>\n<meta name=\"robots\" content=\"index, follow, max-snippet:-1, max-image-preview:large, max-video-preview:-1\" \/>\n<link rel=\"canonical\" href=\"https:\/\/ricacomidavegana.com\/index.php\/licuadora\/\" \/>\n<meta property=\"og:locale\" content=\"es_ES\" \/>\n<meta property=\"og:type\" content=\"article\" \/>\n<meta property=\"og:title\" content=\"Licuadora - Recetas de cocina vegana\" \/>\n<meta property=\"og:description\" content=\"\u00bfBuscas un cambio hacia un estilo de vida m\u00e1s saludable? Nuestras licuadoras de alta potencia son la clave para lograrlo. Con la capacidad de extraer todo el valor nutricional de tus frutas y verduras favoritas, estas licuadoras te permitir\u00e1n preparar batidos y jugos llenos de vitaminas y antioxidantes. \u00a1Transforma tu dieta y siembra las semillas [&hellip;]\" \/>\n<meta property=\"og:url\" content=\"https:\/\/ricacomidavegana.com\/index.php\/licuadora\/\" \/>\n<meta property=\"og:site_name\" content=\"Recetas de cocina vegana\" \/>\n<meta property=\"article:modified_time\" content=\"2023-10-04T10:19:18+00:00\" \/>\n<meta property=\"og:image\" content=\"https:\/\/ricacomidavegana.com\/wp-content\/uploads\/2023\/10\/licuadora-rica-comida-vegana-1024x683.jpg\" \/>\n<meta name=\"twitter:card\" content=\"summary_large_image\" \/>\n<meta name=\"twitter:label1\" content=\"Tiempo de lectura\" \/>\n\t<meta name=\"twitter:data1\" content=\"2 minutos\" \/>\n<script type=\"application\/ld+json\" class=\"yoast-schema-graph\">{\"@context\":\"https:\/\/schema.org\",\"@graph\":[{\"@type\":\"WebPage\",\"@id\":\"https:\/\/ricacomidavegana.com\/index.php\/licuadora\/\",\"url\":\"https:\/\/ricacomidavegana.com\/index.php\/licuadora\/\",\"name\":\"Licuadora - Recetas de cocina vegana\",\"isPartOf\":{\"@id\":\"https:\/\/ricacomidavegana.com\/#website\"},\"datePublished\":\"2023-09-30T21:45:18+00:00\",\"dateModified\":\"2023-10-04T10:19:18+00:00\",\"breadcrumb\":{\"@id\":\"https:\/\/ricacomidavegana.com\/index.php\/licuadora\/#breadcrumb\"},\"inLanguage\":\"es\",\"potentialAction\":[{\"@type\":\"ReadAction\",\"target\":[\"https:\/\/ricacomidavegana.com\/index.php\/licuadora\/\"]}]},{\"@type\":\"BreadcrumbList\",\"@id\":\"https:\/\/ricacomidavegana.com\/index.php\/licuadora\/#breadcrumb\",\"itemListElement\":[{\"@type\":\"ListItem\",\"position\":1,\"name\":\"Portada\",\"item\":\"https:\/\/ricacomidavegana.com\/\"},{\"@type\":\"ListItem\",\"position\":2,\"name\":\"Licuadora\"}]},{\"@type\":\"WebSite\",\"@id\":\"https:\/\/ricacomidavegana.com\/#website\",\"url\":\"https:\/\/ricacomidavegana.com\/\",\"name\":\"Recetas de cocina vegana\",\"description\":\"\",\"publisher\":{\"@id\":\"https:\/\/ricacomidavegana.com\/#organization\"},\"potentialAction\":[{\"@type\":\"SearchAction\",\"target\":{\"@type\":\"EntryPoint\",\"urlTemplate\":\"https:\/\/ricacomidavegana.com\/?s={search_term_string}\"},\"query-input\":\"required name=search_term_string\"}],\"inLanguage\":\"es\"},{\"@type\":\"Organization\",\"@id\":\"https:\/\/ricacomidavegana.com\/#organization\",\"name\":\"Recetas de cocina vegana\",\"url\":\"https:\/\/ricacomidavegana.com\/\",\"logo\":{\"@type\":\"ImageObject\",\"inLanguage\":\"es\",\"@id\":\"https:\/\/ricacomidavegana.com\/#\/schema\/logo\/image\/\",\"url\":\"https:\/\/ricacomidavegana.com\/wp-content\/uploads\/2023\/09\/cropped-Green-White-Minimalist-Leaf-Fork-Vegan-Restaurant-Logo-1.png\",\"contentUrl\":\"https:\/\/ricacomidavegana.com\/wp-content\/uploads\/2023\/09\/cropped-Green-White-Minimalist-Leaf-Fork-Vegan-Restaurant-Logo-1.png\",\"width\":453,\"height\":176,\"caption\":\"Recetas de cocina vegana\"},\"image\":{\"@id\":\"https:\/\/ricacomidavegana.com\/#\/schema\/logo\/image\/\"}}]}<\/script>\n<!-- \/ Yoast SEO plugin. -->","yoast_head_json":{"title":"Licuadora - Recetas de cocina vegana","robots":{"index":"index","follow":"follow","max-snippet":"max-snippet:-1","max-image-preview":"max-image-preview:large","max-video-preview":"max-video-preview:-1"},"canonical":"https:\/\/ricacomidavegana.com\/index.php\/licuadora\/","og_locale":"es_ES","og_type":"article","og_title":"Licuadora - Recetas de cocina vegana","og_description":"\u00bfBuscas un cambio hacia un estilo de vida m\u00e1s saludable? Nuestras licuadoras de alta potencia son la clave para lograrlo. Con la capacidad de extraer todo el valor nutricional de tus frutas y verduras favoritas, estas licuadoras te permitir\u00e1n preparar batidos y jugos llenos de vitaminas y antioxidantes. \u00a1Transforma tu dieta y siembra las semillas [&hellip;]","og_url":"https:\/\/ricacomidavegana.com\/index.php\/licuadora\/","og_site_name":"Recetas de cocina vegana","article_modified_time":"2023-10-04T10:19:18+00:00","og_image":[{"url":"https:\/\/ricacomidavegana.com\/wp-content\/uploads\/2023\/10\/licuadora-rica-comida-vegana-1024x683.jpg"}],"twitter_card":"summary_large_image","twitter_misc":{"Tiempo de lectura":"2 minutos"},"schema":{"@context":"https:\/\/schema.org","@graph":[{"@type":"WebPage","@id":"https:\/\/ricacomidavegana.com\/index.php\/licuadora\/","url":"https:\/\/ricacomidavegana.com\/index.php\/licuadora\/","name":"Licuadora - Recetas de cocina vegana","isPartOf":{"@id":"https:\/\/ricacomidavegana.com\/#website"},"datePublished":"2023-09-30T21:45:18+00:00","dateModified":"2023-10-04T10:19:18+00:00","breadcrumb":{"@id":"https:\/\/ricacomidavegana.com\/index.php\/licuadora\/#breadcrumb"},"inLanguage":"es","potentialAction":[{"@type":"ReadAction","target":["https:\/\/ricacomidavegana.com\/index.php\/licuadora\/"]}]},{"@type":"BreadcrumbList","@id":"https:\/\/ricacomidavegana.com\/index.php\/licuadora\/#breadcrumb","itemListElement":[{"@type":"ListItem","position":1,"name":"Portada","item":"https:\/\/ricacomidavegana.com\/"},{"@type":"ListItem","position":2,"name":"Licuadora"}]},{"@type":"WebSite","@id":"https:\/\/ricacomidavegana.com\/#website","url":"https:\/\/ricacomidavegana.com\/","name":"Recetas de cocina vegana","description":"","publisher":{"@id":"https:\/\/ricacomidavegana.com\/#organization"},"potentialAction":[{"@type":"SearchAction","target":{"@type":"EntryPoint","urlTemplate":"https:\/\/ricacomidavegana.com\/?s={search_term_string}"},"query-input":"required name=search_term_string"}],"inLanguage":"es"},{"@type":"Organization","@id":"https:\/\/ricacomidavegana.com\/#organization","name":"Recetas de cocina vegana","url":"https:\/\/ricacomidavegana.com\/","logo":{"@type":"ImageObject","inLanguage":"es","@id":"https:\/\/ricacomidavegana.com\/#\/schema\/logo\/image\/","url":"https:\/\/ricacomidavegana.com\/wp-content\/uploads\/2023\/09\/cropped-Green-White-Minimalist-Leaf-Fork-Vegan-Restaurant-Logo-1.png","contentUrl":"https:\/\/ricacomidavegana.com\/wp-content\/uploads\/2023\/09\/cropped-Green-White-Minimalist-Leaf-Fork-Vegan-Restaurant-Logo-1.png","width":453,"height":176,"caption":"Recetas de cocina vegana"},"image":{"@id":"https:\/\/ricacomidavegana.com\/#\/schema\/logo\/image\/"}}]}},"_links":{"self":[{"href":"https:\/\/ricacomidavegana.com\/index.php\/wp-json\/wp\/v2\/pages\/128"}],"collection":[{"href":"https:\/\/ricacomidavegana.com\/index.php\/wp-json\/wp\/v2\/pages"}],"about":[{"href":"https:\/\/ricacomidavegana.com\/index.php\/wp-json\/wp\/v2\/types\/page"}],"author":[{"embeddable":true,"href":"https:\/\/ricacomidavegana.com\/index.php\/wp-json\/wp\/v2\/users\/1"}],"replies":[{"embeddable":true,"href":"https:\/\/ricacomidavegana.com\/index.php\/wp-json\/wp\/v2\/comments?post=128"}],"version-history":[{"count":22,"href":"https:\/\/ricacomidavegana.com\/index.php\/wp-json\/wp\/v2\/pages\/128\/revisions"}],"predecessor-version":[{"id":315,"href":"https:\/\/ricacomidavegana.com\/index.php\/wp-json\/wp\/v2\/pages\/128\/revisions\/315"}],"wp:attachment":[{"href":"https:\/\/ricacomidavegana.com\/index.php\/wp-json\/wp\/v2\/media?parent=128"}],"curies":[{"name":"wp","href":"https:\/\/api.w.org\/{rel}","templated":true}]}}